{"id":873,"date":"2025-10-26T18:07:02","date_gmt":"2025-10-26T16:07:02","guid":{"rendered":"https:\/\/www.ponipuoti.fi\/?post_type=product&#038;p=873"},"modified":"2026-01-29T16:44:41","modified_gmt":"2026-01-29T14:44:41","slug":"seinakalenteri-2021","status":"publish","type":"product","link":"https:\/\/www.ponipuoti.fi\/?product=seinakalenteri-2021","title":{"rendered":"Sein\u00e4kalenteri 2026"},"content":{"rendered":"<p>Suuren suosion saavuttanut kalenteri vuodelle 2026,\u00a0 on nyt ennakkomyynniss\u00e4! Kalenteri kilpailun tulos n\u00e4kyy t\u00e4ss\u00e4kin kalenterissa.<\/p>\n<p>&nbsp;<\/p>\n<p>L\u00f6ytyyk\u00f6 teid\u00e4n keitti\u00f6st\u00e4nne se koko perheen yhteinen sein\u00e4kalenteri? Tai tallin sein\u00e4lle, ty\u00f6paikalle jne. Nyt se kalenteri voisi sis\u00e4lt\u00e4\u00e4 vain Mustangin kuvia!<\/p>\n<p>&nbsp;<\/p>\n<p>Hinta + postikulut 6,90\u20ac \/pelkk\u00e4 kalenterin postikulut, huomioidaan laskua kirjatessa!<\/p>\n<p>Muita tuotteita samassa tilauksessa normaali 10,50 \u20ac toimitusmaksu!<\/p>\n<p>&nbsp;<\/p>\n","protected":false},"excerpt":{"rendered":"<p>Kalenterit 1 kpl 15,00\u20ac ja 2 kpl 22,00\u20ac.<\/p>\n","protected":false},"featured_media":3901,"comment_status":"closed","ping_status":"closed","template":"","meta":[],"product_brand":[],"product_cat":[149,60,64],"product_tag":[],"class_list":{"0":"post-873","1":"product","2":"type-product","3":"status-publish","4":"has-post-thumbnail","6":"product_cat-kirjetoimitus","7":"product_cat-uncategorized","8":"product_cat-uutuudet","9":"product_shipping_class-kirje","11":"first","12":"instock","13":"shipping-taxable","14":"purchasable","15":"product-type-variable"},"_links":{"self":[{"href":"https:\/\/www.ponipuoti.fi\/index.php?rest_route=\/wp\/v2\/product\/873","targetHints":{"allow":["GET"]}}],"collection":[{"href":"https:\/\/www.ponipuoti.fi\/index.php?rest_route=\/wp\/v2\/product"}],"about":[{"href":"https:\/\/www.ponipuoti.fi\/index.php?rest_route=\/wp\/v2\/types\/product"}],"replies":[{"embeddable":true,"href":"https:\/\/www.ponipuoti.fi\/index.php?rest_route=%2Fwp%2Fv2%2Fcomments&post=873"}],"wp:featuredmedia":[{"embeddable":true,"href":"https:\/\/www.ponipuoti.fi\/index.php?rest_route=\/wp\/v2\/media\/3901"}],"wp:attachment":[{"href":"https:\/\/www.ponipuoti.fi\/index.php?rest_route=%2Fwp%2Fv2%2Fmedia&parent=873"}],"wp:term":[{"taxonomy":"product_brand","embeddable":true,"href":"https:\/\/www.ponipuoti.fi\/index.php?rest_route=%2Fwp%2Fv2%2Fproduct_brand&post=873"},{"taxonomy":"product_cat","embeddable":true,"href":"https:\/\/www.ponipuoti.fi\/index.php?rest_route=%2Fwp%2Fv2%2Fproduct_cat&post=873"},{"taxonomy":"product_tag","embeddable":true,"href":"https:\/\/www.ponipuoti.fi\/index.php?rest_route=%2Fwp%2Fv2%2Fproduct_tag&post=873"}],"curies":[{"name":"wp","href":"https:\/\/api.w.org\/{rel}","templated":true}]}}