{"id":3906,"date":"2025-12-06T16:50:25","date_gmt":"2025-12-06T14:50:25","guid":{"rendered":"https:\/\/www.ponipuoti.fi\/?post_type=product&#038;p=3906"},"modified":"2025-12-19T12:07:55","modified_gmt":"2025-12-19T10:07:55","slug":"pipo-thinsulate-vuorella","status":"publish","type":"product","link":"https:\/\/www.ponipuoti.fi\/?product=pipo-thinsulate-vuorella","title":{"rendered":"Pipo thinsulate-vuorella"},"content":{"rendered":"<p>\u2022 100 % pehme\u00e4\u00e4 akryyli\u00e4<br \/>\n\u2022 Ribbineulos-kupu, k\u00e4\u00e4nn\u00f6s sile\u00e4\u00e4 neulosta<br \/>\n\u2022 Thinsulate\u2122-vuori<br \/>\n\u2022 Kaksinkertainen materiaali<br \/>\n\u2022 Pesu 40\u00b0C<\/p>\n","protected":false},"excerpt":{"rendered":"<p>\u2022 100 % pehme\u00e4\u00e4 akryyli\u00e4 \u2022 Ribbineulos-kupu, k\u00e4\u00e4nn\u00f6s sile\u00e4\u00e4 neulosta \u2022 Thinsulate\u2122-vuori \u2022 Kaksinkertainen materiaali \u2022 Pesu 40\u00b0C<\/p>\n","protected":false},"featured_media":3904,"comment_status":"closed","ping_status":"closed","template":"","meta":[],"product_brand":[],"product_cat":[149,9,60,64],"product_tag":[],"class_list":{"0":"post-3906","1":"product","2":"type-product","3":"status-publish","4":"has-post-thumbnail","6":"product_cat-kirjetoimitus","7":"product_cat-muut-kerhotuotteet","8":"product_cat-uncategorized","9":"product_cat-uutuudet","10":"product_shipping_class-kirje","12":"first","13":"instock","14":"shipping-taxable","15":"purchasable","16":"product-type-simple"},"_links":{"self":[{"href":"https:\/\/www.ponipuoti.fi\/index.php?rest_route=\/wp\/v2\/product\/3906","targetHints":{"allow":["GET"]}}],"collection":[{"href":"https:\/\/www.ponipuoti.fi\/index.php?rest_route=\/wp\/v2\/product"}],"about":[{"href":"https:\/\/www.ponipuoti.fi\/index.php?rest_route=\/wp\/v2\/types\/product"}],"replies":[{"embeddable":true,"href":"https:\/\/www.ponipuoti.fi\/index.php?rest_route=%2Fwp%2Fv2%2Fcomments&post=3906"}],"wp:featuredmedia":[{"embeddable":true,"href":"https:\/\/www.ponipuoti.fi\/index.php?rest_route=\/wp\/v2\/media\/3904"}],"wp:attachment":[{"href":"https:\/\/www.ponipuoti.fi\/index.php?rest_route=%2Fwp%2Fv2%2Fmedia&parent=3906"}],"wp:term":[{"taxonomy":"product_brand","embeddable":true,"href":"https:\/\/www.ponipuoti.fi\/index.php?rest_route=%2Fwp%2Fv2%2Fproduct_brand&post=3906"},{"taxonomy":"product_cat","embeddable":true,"href":"https:\/\/www.ponipuoti.fi\/index.php?rest_route=%2Fwp%2Fv2%2Fproduct_cat&post=3906"},{"taxonomy":"product_tag","embeddable":true,"href":"https:\/\/www.ponipuoti.fi\/index.php?rest_route=%2Fwp%2Fv2%2Fproduct_tag&post=3906"}],"curies":[{"name":"wp","href":"https:\/\/api.w.org\/{rel}","templated":true}]}}