{"id":3883,"date":"2025-11-16T15:43:01","date_gmt":"2025-11-16T13:43:01","guid":{"rendered":"https:\/\/www.ponipuoti.fi\/?post_type=product&#038;p=3883"},"modified":"2025-12-09T19:59:37","modified_gmt":"2025-12-09T17:59:37","slug":"punainen-pipo-tupsulla","status":"publish","type":"product","link":"https:\/\/www.ponipuoti.fi\/?product=punainen-pipo-tupsulla","title":{"rendered":"Punainen pipo tupsulla"},"content":{"rendered":"<p>\u2022 100 % kierr\u00e4tetty\u00e4 GRS sertifioitua polyesteri\u00e4<br \/>\n\u2022 Korimainen kudonta<br \/>\n\u2022 Py\u00f6re\u00e4 painatusalue edess\u00e4, halkaisija 5,5 cm<br \/>\n\u2022 Pehme\u00e4 mikrofleece sherpa vuori<\/p>\n","protected":false},"excerpt":{"rendered":"<p>\u2022 100 % kierr\u00e4tetty\u00e4 GRS sertifioitua polyesteri\u00e4 \u2022 Korimainen kudonta \u2022 Py\u00f6re\u00e4 painatusalue edess\u00e4, halkaisija 5,5 cm \u2022 Pehme\u00e4 mikrofleece sherpa vuori<\/p>\n","protected":false},"featured_media":3884,"comment_status":"closed","ping_status":"closed","template":"","meta":[],"product_brand":[],"product_cat":[9,148,64],"product_tag":[153],"class_list":{"0":"post-3883","1":"product","2":"type-product","3":"status-publish","4":"has-post-thumbnail","6":"product_cat-muut-kerhotuotteet","7":"product_cat-pakettitoimitus","8":"product_cat-uutuudet","9":"product_tag-pipo-tupsulla","11":"first","12":"instock","13":"shipping-taxable","14":"purchasable","15":"product-type-simple"},"_links":{"self":[{"href":"https:\/\/www.ponipuoti.fi\/index.php?rest_route=\/wp\/v2\/product\/3883","targetHints":{"allow":["GET"]}}],"collection":[{"href":"https:\/\/www.ponipuoti.fi\/index.php?rest_route=\/wp\/v2\/product"}],"about":[{"href":"https:\/\/www.ponipuoti.fi\/index.php?rest_route=\/wp\/v2\/types\/product"}],"replies":[{"embeddable":true,"href":"https:\/\/www.ponipuoti.fi\/index.php?rest_route=%2Fwp%2Fv2%2Fcomments&post=3883"}],"wp:featuredmedia":[{"embeddable":true,"href":"https:\/\/www.ponipuoti.fi\/index.php?rest_route=\/wp\/v2\/media\/3884"}],"wp:attachment":[{"href":"https:\/\/www.ponipuoti.fi\/index.php?rest_route=%2Fwp%2Fv2%2Fmedia&parent=3883"}],"wp:term":[{"taxonomy":"product_brand","embeddable":true,"href":"https:\/\/www.ponipuoti.fi\/index.php?rest_route=%2Fwp%2Fv2%2Fproduct_brand&post=3883"},{"taxonomy":"product_cat","embeddable":true,"href":"https:\/\/www.ponipuoti.fi\/index.php?rest_route=%2Fwp%2Fv2%2Fproduct_cat&post=3883"},{"taxonomy":"product_tag","embeddable":true,"href":"https:\/\/www.ponipuoti.fi\/index.php?rest_route=%2Fwp%2Fv2%2Fproduct_tag&post=3883"}],"curies":[{"name":"wp","href":"https:\/\/api.w.org\/{rel}","templated":true}]}}