{"id":3830,"date":"2025-10-04T16:45:33","date_gmt":"2025-10-04T13:45:33","guid":{"rendered":"https:\/\/www.ponipuoti.fi\/?post_type=product&#038;p=3830"},"modified":"2025-12-28T18:03:37","modified_gmt":"2025-12-28T16:03:37","slug":"pieni-mustang-pinssi","status":"publish","type":"product","link":"https:\/\/www.ponipuoti.fi\/?product=pieni-mustang-pinssi","title":{"rendered":"Pieni Mustang pinssi"},"content":{"rendered":"<p align=\"LEFT\">N\u00e4ytt\u00e4v\u00e4 koru miehelle tai naiselle. Tyylikk\u00e4\u00e4ll\u00e4 keinolla n\u00e4yt\u00e4t heti mit\u00e4 olet miehi\u00e4si tai naisiasi!<\/p>\n<p align=\"LEFT\">Hepan koko n. 25mm x 15mm<\/p>\n<p align=\"LEFT\">Figuurit ovat umpihopeaa, eiv\u00e4t onttoja.<\/p>\n<p align=\"LEFT\">Hopean ominaisuus on ett\u00e4 tummenee k\u00e4yt\u00f6ss\u00e4. Hopean saa puhdistettua hopean puhdistusaineella ja ensin kannattaa pest\u00e4 astianpesuaineella rasvat korusta ja sen j\u00e4lkeen puhdistusaineella.<\/p>\n<p align=\"LEFT\">Tilauksesta my\u00f6s kultaisena, tiedustele hintaa! Kultatuotteisiin voidaan my\u00f6s k\u00e4ytt\u00e4\u00e4 omaa romukultaasi.<\/p>\n","protected":false},"excerpt":{"rendered":"<p>N\u00e4ytt\u00e4v\u00e4 koru miehelle tai naiselle.<\/p>\n<p>Uudistettu design.<\/p>\n","protected":false},"featured_media":3832,"comment_status":"closed","ping_status":"closed","template":"","meta":[],"product_brand":[],"product_cat":[10,9,148,60,64],"product_tag":[],"class_list":{"0":"post-3830","1":"product","2":"type-product","3":"status-publish","4":"has-post-thumbnail","6":"product_cat-korut","7":"product_cat-muut-kerhotuotteet","8":"product_cat-pakettitoimitus","9":"product_cat-uncategorized","10":"product_cat-uutuudet","11":"product_shipping_class-kiintea-toimitusmaksu","13":"first","14":"onbackorder","15":"shipping-taxable","16":"purchasable","17":"product-type-simple"},"_links":{"self":[{"href":"https:\/\/www.ponipuoti.fi\/index.php?rest_route=\/wp\/v2\/product\/3830","targetHints":{"allow":["GET"]}}],"collection":[{"href":"https:\/\/www.ponipuoti.fi\/index.php?rest_route=\/wp\/v2\/product"}],"about":[{"href":"https:\/\/www.ponipuoti.fi\/index.php?rest_route=\/wp\/v2\/types\/product"}],"replies":[{"embeddable":true,"href":"https:\/\/www.ponipuoti.fi\/index.php?rest_route=%2Fwp%2Fv2%2Fcomments&post=3830"}],"wp:featuredmedia":[{"embeddable":true,"href":"https:\/\/www.ponipuoti.fi\/index.php?rest_route=\/wp\/v2\/media\/3832"}],"wp:attachment":[{"href":"https:\/\/www.ponipuoti.fi\/index.php?rest_route=%2Fwp%2Fv2%2Fmedia&parent=3830"}],"wp:term":[{"taxonomy":"product_brand","embeddable":true,"href":"https:\/\/www.ponipuoti.fi\/index.php?rest_route=%2Fwp%2Fv2%2Fproduct_brand&post=3830"},{"taxonomy":"product_cat","embeddable":true,"href":"https:\/\/www.ponipuoti.fi\/index.php?rest_route=%2Fwp%2Fv2%2Fproduct_cat&post=3830"},{"taxonomy":"product_tag","embeddable":true,"href":"https:\/\/www.ponipuoti.fi\/index.php?rest_route=%2Fwp%2Fv2%2Fproduct_tag&post=3830"}],"curies":[{"name":"wp","href":"https:\/\/api.w.org\/{rel}","templated":true}]}}