{"id":3814,"date":"2025-10-04T15:31:13","date_gmt":"2025-10-04T12:31:13","guid":{"rendered":"https:\/\/www.ponipuoti.fi\/?post_type=product&#038;p=3814"},"modified":"2025-10-29T00:13:02","modified_gmt":"2025-10-28T22:13:02","slug":"henkselit","status":"publish","type":"product","link":"https:\/\/www.ponipuoti.fi\/?product=henkselit","title":{"rendered":"Henkselit"},"content":{"rendered":"<p><strong>HENKSELIT<\/strong><\/p>\n<ol>\n<li data-list=\"bullet\">100 % joustava polyesteri<\/li>\n<li data-list=\"bullet\">Elastiset 30 mm leve\u00e4t s\u00e4\u00e4dett\u00e4v\u00e4t nauhat<\/li>\n<li data-list=\"bullet\">3 metalliklipsi\u00e4<\/li>\n<li data-list=\"bullet\">Nahkainen yhdistepala takana<\/li>\n<\/ol>\n<p>Yksi koko, s\u00e4\u00e4dett\u00e4v\u00e4<\/p>\n","protected":false},"excerpt":{"rendered":"<p>HENKSELIT 100 % joustava polyesteri Elastiset 30 mm leve\u00e4t s\u00e4\u00e4dett\u00e4v\u00e4t nauhat 3 metalliklipsi\u00e4 Nahkainen yhdistepala takana Yksi koko, s\u00e4\u00e4dett\u00e4v\u00e4<\/p>\n","protected":false},"featured_media":3815,"comment_status":"closed","ping_status":"closed","template":"","meta":[],"product_brand":[],"product_cat":[9,148,60,64],"product_tag":[],"class_list":{"0":"post-3814","1":"product","2":"type-product","3":"status-publish","4":"has-post-thumbnail","6":"product_cat-muut-kerhotuotteet","7":"product_cat-pakettitoimitus","8":"product_cat-uncategorized","9":"product_cat-uutuudet","10":"product_shipping_class-paketti","12":"first","13":"instock","14":"shipping-taxable","15":"purchasable","16":"product-type-simple"},"_links":{"self":[{"href":"https:\/\/www.ponipuoti.fi\/index.php?rest_route=\/wp\/v2\/product\/3814","targetHints":{"allow":["GET"]}}],"collection":[{"href":"https:\/\/www.ponipuoti.fi\/index.php?rest_route=\/wp\/v2\/product"}],"about":[{"href":"https:\/\/www.ponipuoti.fi\/index.php?rest_route=\/wp\/v2\/types\/product"}],"replies":[{"embeddable":true,"href":"https:\/\/www.ponipuoti.fi\/index.php?rest_route=%2Fwp%2Fv2%2Fcomments&post=3814"}],"wp:featuredmedia":[{"embeddable":true,"href":"https:\/\/www.ponipuoti.fi\/index.php?rest_route=\/wp\/v2\/media\/3815"}],"wp:attachment":[{"href":"https:\/\/www.ponipuoti.fi\/index.php?rest_route=%2Fwp%2Fv2%2Fmedia&parent=3814"}],"wp:term":[{"taxonomy":"product_brand","embeddable":true,"href":"https:\/\/www.ponipuoti.fi\/index.php?rest_route=%2Fwp%2Fv2%2Fproduct_brand&post=3814"},{"taxonomy":"product_cat","embeddable":true,"href":"https:\/\/www.ponipuoti.fi\/index.php?rest_route=%2Fwp%2Fv2%2Fproduct_cat&post=3814"},{"taxonomy":"product_tag","embeddable":true,"href":"https:\/\/www.ponipuoti.fi\/index.php?rest_route=%2Fwp%2Fv2%2Fproduct_tag&post=3814"}],"curies":[{"name":"wp","href":"https:\/\/api.w.org\/{rel}","templated":true}]}}