{"id":3810,"date":"2025-10-04T15:19:49","date_gmt":"2025-10-04T12:19:49","guid":{"rendered":"https:\/\/www.ponipuoti.fi\/?post_type=product&#038;p=3810"},"modified":"2025-10-29T00:13:02","modified_gmt":"2025-10-28T22:13:02","slug":"boxerit-high-performance-logolla","status":"publish","type":"product","link":"https:\/\/www.ponipuoti.fi\/?product=boxerit-high-performance-logolla","title":{"rendered":"Boxerit High Performance logolla"},"content":{"rendered":"<p><strong>Miesten boxeri malliset alushousut<\/strong><\/p>\n<p>SLIM FIT 170 G\/M\u00b2<\/p>\n<ol>\n<li data-list=\"bullet\">95% puuvilla \/ 5% elastaani<\/li>\n<li data-list=\"bullet\">Single jersey neulos<\/li>\n<li data-list=\"bullet\">Joustovy\u00f6t\u00e4r\u00f6<\/li>\n<li data-list=\"bullet\">STANDARD 100 by OEKO-TEX\u00aeN\u00b0 CQ1007\/7, IFTH<\/li>\n<\/ol>\n<p>S &#8211; M &#8211; L &#8211; XL &#8211; 2XL<\/p>\n","protected":false},"excerpt":{"rendered":"<p>Miesten boxeri malliset alushousut SLIM FIT 170 G\/M\u00b2 95% puuvilla \/ 5% elastaani Single jersey neulos Joustovy\u00f6t\u00e4r\u00f6 STANDARD 100 by OEKO-TEX\u00aeN\u00b0 CQ1007\/7, IFTH S &#8211; M &#8211; L &#8211; XL &#8211; 2XL<\/p>\n","protected":false},"featured_media":3811,"comment_status":"closed","ping_status":"closed","template":"","meta":[],"product_brand":[],"product_cat":[9,148,60,64],"product_tag":[],"class_list":{"0":"post-3810","1":"product","2":"type-product","3":"status-publish","4":"has-post-thumbnail","6":"product_cat-muut-kerhotuotteet","7":"product_cat-pakettitoimitus","8":"product_cat-uncategorized","9":"product_cat-uutuudet","10":"product_shipping_class-paketti","12":"first","13":"instock","14":"shipping-taxable","15":"purchasable","16":"product-type-variable"},"_links":{"self":[{"href":"https:\/\/www.ponipuoti.fi\/index.php?rest_route=\/wp\/v2\/product\/3810","targetHints":{"allow":["GET"]}}],"collection":[{"href":"https:\/\/www.ponipuoti.fi\/index.php?rest_route=\/wp\/v2\/product"}],"about":[{"href":"https:\/\/www.ponipuoti.fi\/index.php?rest_route=\/wp\/v2\/types\/product"}],"replies":[{"embeddable":true,"href":"https:\/\/www.ponipuoti.fi\/index.php?rest_route=%2Fwp%2Fv2%2Fcomments&post=3810"}],"wp:featuredmedia":[{"embeddable":true,"href":"https:\/\/www.ponipuoti.fi\/index.php?rest_route=\/wp\/v2\/media\/3811"}],"wp:attachment":[{"href":"https:\/\/www.ponipuoti.fi\/index.php?rest_route=%2Fwp%2Fv2%2Fmedia&parent=3810"}],"wp:term":[{"taxonomy":"product_brand","embeddable":true,"href":"https:\/\/www.ponipuoti.fi\/index.php?rest_route=%2Fwp%2Fv2%2Fproduct_brand&post=3810"},{"taxonomy":"product_cat","embeddable":true,"href":"https:\/\/www.ponipuoti.fi\/index.php?rest_route=%2Fwp%2Fv2%2Fproduct_cat&post=3810"},{"taxonomy":"product_tag","embeddable":true,"href":"https:\/\/www.ponipuoti.fi\/index.php?rest_route=%2Fwp%2Fv2%2Fproduct_tag&post=3810"}],"curies":[{"name":"wp","href":"https:\/\/api.w.org\/{rel}","templated":true}]}}