{"id":3450,"date":"2025-02-16T14:09:34","date_gmt":"2025-02-16T12:09:34","guid":{"rendered":"https:\/\/www.ponipuoti.fi\/?post_type=product&#038;p=3450"},"modified":"2025-10-29T00:13:07","modified_gmt":"2025-10-28T22:13:07","slug":"alue-hupparitakki","status":"publish","type":"product","link":"https:\/\/www.ponipuoti.fi\/?product=alue-hupparitakki","title":{"rendered":"Alue-hupparitakki"},"content":{"rendered":"<p>Kerhon logo rinnassa ja sen alle voi valita Alueen. Sel\u00e4ss\u00e4 logo.<\/p>\n<p>Unisex mallinen vetoketjullinen huppari puuvillan ja kierr\u00e4tetyn polyesterin sekoituksesta. SBS-vetoketju ja hupussa kiristysny\u00f6ri. Kaksi vetoketjullista taskua. Joustava resori helmassa ja hihansuissa. Pehme\u00e4 stabilisoitu kangas, joten hupparia voidaan pest\u00e4 paljon ilman ett\u00e4 se nyppyyntyy.<\/p>\n","protected":false},"excerpt":{"rendered":"<p>Kerhon logo rinnassa ja sen alle voi valita Alueen. Sel\u00e4ss\u00e4 logo. Unisex mallinen vetoketjullinen huppari puuvillan ja kierr\u00e4tetyn polyesterin sekoituksesta. SBS-vetoketju ja hupussa kiristysny\u00f6ri. Kaksi vetoketjullista taskua. Joustava resori helmassa ja hihansuissa. Pehme\u00e4 stabilisoitu kangas, joten hupparia voidaan pest\u00e4 paljon ilman ett\u00e4 se nyppyyntyy.<\/p>\n","protected":false},"featured_media":3452,"comment_status":"closed","ping_status":"closed","template":"","meta":[],"product_brand":[],"product_cat":[8,148,64],"product_tag":[],"class_list":{"0":"post-3450","1":"product","2":"type-product","3":"status-publish","4":"has-post-thumbnail","6":"product_cat-kerhopaidat","7":"product_cat-pakettitoimitus","8":"product_cat-uutuudet","9":"product_shipping_class-paketti","11":"first","12":"instock","13":"shipping-taxable","14":"purchasable","15":"product-type-variable"},"_links":{"self":[{"href":"https:\/\/www.ponipuoti.fi\/index.php?rest_route=\/wp\/v2\/product\/3450","targetHints":{"allow":["GET"]}}],"collection":[{"href":"https:\/\/www.ponipuoti.fi\/index.php?rest_route=\/wp\/v2\/product"}],"about":[{"href":"https:\/\/www.ponipuoti.fi\/index.php?rest_route=\/wp\/v2\/types\/product"}],"replies":[{"embeddable":true,"href":"https:\/\/www.ponipuoti.fi\/index.php?rest_route=%2Fwp%2Fv2%2Fcomments&post=3450"}],"wp:featuredmedia":[{"embeddable":true,"href":"https:\/\/www.ponipuoti.fi\/index.php?rest_route=\/wp\/v2\/media\/3452"}],"wp:attachment":[{"href":"https:\/\/www.ponipuoti.fi\/index.php?rest_route=%2Fwp%2Fv2%2Fmedia&parent=3450"}],"wp:term":[{"taxonomy":"product_brand","embeddable":true,"href":"https:\/\/www.ponipuoti.fi\/index.php?rest_route=%2Fwp%2Fv2%2Fproduct_brand&post=3450"},{"taxonomy":"product_cat","embeddable":true,"href":"https:\/\/www.ponipuoti.fi\/index.php?rest_route=%2Fwp%2Fv2%2Fproduct_cat&post=3450"},{"taxonomy":"product_tag","embeddable":true,"href":"https:\/\/www.ponipuoti.fi\/index.php?rest_route=%2Fwp%2Fv2%2Fproduct_tag&post=3450"}],"curies":[{"name":"wp","href":"https:\/\/api.w.org\/{rel}","templated":true}]}}