{"id":173,"date":"2016-06-21T10:18:16","date_gmt":"2016-06-21T07:18:16","guid":{"rendered":"http:\/\/whm04.louhi.net\/~tuumatuire\/tuote\/mustang-kalvosinnapit\/"},"modified":"2025-12-28T18:44:55","modified_gmt":"2025-12-28T16:44:55","slug":"mustang-kalvosinnapit","status":"publish","type":"product","link":"https:\/\/www.ponipuoti.fi\/?product=mustang-kalvosinnapit","title":{"rendered":"Mustang -kalvosinnapit"},"content":{"rendered":"<p align=\"LEFT\">Hopeinen FMOC Premium Collection kalvosinnapit.<\/p>\n<p align=\"LEFT\">Kalvosinnapit aidolle Mustangherrasmiehelle! Tyylikkyys ennen kaikkea! Pelkk\u00e4 normaali tankkaaminenkin mutkaajosta puhumattakaan tapahtuu aivan erilaisilla eleganteilla fiilksill\u00e4. Kun hihojasi koristavat tyylikk\u00e4\u00e4t kalvosinnapit, tuntuu kuin bensa olisi aina alennuksessa! Hoidat hommat herrasmiehen elkein, kun asuasi koristaa viel\u00e4 lis\u00e4varusteena kaupastamme l\u00f6ytyv\u00e4 Mustang -solmioneula.<\/p>\n<p align=\"LEFT\">Materiaali tummennettua eli patinoitua 925 o\/oo hopeaa. Figuurit ovat umpimetallia, eiv\u00e4t onttoja.<\/p>\n<p align=\"LEFT\">Tilauksesta my\u00f6s kultaisena, tiedustele hintaa! Kultatuotteisiin voidaan my\u00f6s k\u00e4ytt\u00e4\u00e4 omaa romukultaasi.<\/p>\n<p>&nbsp;<\/p>\n","protected":false},"excerpt":{"rendered":"<p align=\"LEFT\">Kalvosinnapit aidolle Mustangherrasmiehelle! Tyylikkyys ennen kaikkea! Pelkk\u00e4 normaali tankkaaminenkin mutkaajosta puhumattakaan tapahtuu aivan erilaisilla eleganteilla fiilksill\u00e4. Kun hihojasi koristavat tyylikk\u00e4\u00e4t kalvosinnapit, tuntuu kuin bensa olisi aina alennuksessa!<\/p>\n","protected":false},"featured_media":3827,"comment_status":"closed","ping_status":"closed","template":"","meta":[],"product_brand":[],"product_cat":[149,10,60,64],"product_tag":[],"class_list":{"0":"post-173","1":"product","2":"type-product","3":"status-publish","4":"has-post-thumbnail","6":"product_cat-kirjetoimitus","7":"product_cat-korut","8":"product_cat-uncategorized","9":"product_cat-uutuudet","10":"product_shipping_class-paketti","12":"first","13":"instock","14":"shipping-taxable","15":"purchasable","16":"product-type-simple"},"_links":{"self":[{"href":"https:\/\/www.ponipuoti.fi\/index.php?rest_route=\/wp\/v2\/product\/173","targetHints":{"allow":["GET"]}}],"collection":[{"href":"https:\/\/www.ponipuoti.fi\/index.php?rest_route=\/wp\/v2\/product"}],"about":[{"href":"https:\/\/www.ponipuoti.fi\/index.php?rest_route=\/wp\/v2\/types\/product"}],"replies":[{"embeddable":true,"href":"https:\/\/www.ponipuoti.fi\/index.php?rest_route=%2Fwp%2Fv2%2Fcomments&post=173"}],"wp:featuredmedia":[{"embeddable":true,"href":"https:\/\/www.ponipuoti.fi\/index.php?rest_route=\/wp\/v2\/media\/3827"}],"wp:attachment":[{"href":"https:\/\/www.ponipuoti.fi\/index.php?rest_route=%2Fwp%2Fv2%2Fmedia&parent=173"}],"wp:term":[{"taxonomy":"product_brand","embeddable":true,"href":"https:\/\/www.ponipuoti.fi\/index.php?rest_route=%2Fwp%2Fv2%2Fproduct_brand&post=173"},{"taxonomy":"product_cat","embeddable":true,"href":"https:\/\/www.ponipuoti.fi\/index.php?rest_route=%2Fwp%2Fv2%2Fproduct_cat&post=173"},{"taxonomy":"product_tag","embeddable":true,"href":"https:\/\/www.ponipuoti.fi\/index.php?rest_route=%2Fwp%2Fv2%2Fproduct_tag&post=173"}],"curies":[{"name":"wp","href":"https:\/\/api.w.org\/{rel}","templated":true}]}}