{"id":166,"date":"2016-06-21T10:11:20","date_gmt":"2016-06-21T07:11:20","guid":{"rendered":"http:\/\/whm04.louhi.net\/~tuumatuire\/tuote\/mustang-rintaneula\/"},"modified":"2025-12-28T18:44:03","modified_gmt":"2025-12-28T16:44:03","slug":"mustang-rintaneula","status":"publish","type":"product","link":"https:\/\/www.ponipuoti.fi\/?product=mustang-rintaneula","title":{"rendered":"Mustang -rintaneula"},"content":{"rendered":"<p align=\"LEFT\">Hopeinen FMOC Premium Collection rintaneula.<\/p>\n<p align=\"LEFT\">N\u00e4ytt\u00e4v\u00e4 koru miehelle tai naiselle. Tyylikk\u00e4\u00e4ll\u00e4 keinolla n\u00e4yt\u00e4t heti mit\u00e4 olet miehi\u00e4si tai naisiasi!<\/p>\n<p align=\"LEFT\">Siisti ja elegantti rintaneula hopeisella hepalla. Hepan koko n. 45mm x 20mm (max. mitat leveys x korkeus turpa-h\u00e4nn\u00e4np\u00e4\u00e4, kavio-harja) mm. Materiaali tummennettua eli patinoitua 925 o\/oo hopeaa.<\/p>\n<p align=\"LEFT\">Rintaneulan kiinnitys on neulamekanismilla, jossa neulana pehme\u00e4n hopean sijaan j\u00e4ntev\u00e4 pianolanka. Pianolangassa on nikkeli\u00e4, joten nikkeliallergikkojen kannattaa v\u00e4ltt\u00e4\u00e4 ihokosketusta. Hopeassa nikkeli\u00e4 ei ole, vain neulaosassa. Figuurit ovat umpimetallia, eiv\u00e4t onttoja.<\/p>\n<p align=\"LEFT\">Tilauksesta my\u00f6s kultaisena, tiedustele hintaa! Kultatuotteisiin voidaan my\u00f6s k\u00e4ytt\u00e4\u00e4 omaa romukultaasi.<\/p>\n<p>&nbsp;<\/p>\n","protected":false},"excerpt":{"rendered":"<p align=\"LEFT\">Hopeinen Mustang rintaneulana. Siisti ja elegantti rintaneula hopeisella hepalla.\u00a0Materiaali tummennettua eli patinoitua 925 o\/oo hopeaa.<\/p>\n<p>&nbsp;<\/p>\n","protected":false},"featured_media":3829,"comment_status":"closed","ping_status":"closed","template":"","meta":[],"product_brand":[],"product_cat":[149,10,60,64],"product_tag":[],"class_list":{"0":"post-166","1":"product","2":"type-product","3":"status-publish","4":"has-post-thumbnail","6":"product_cat-kirjetoimitus","7":"product_cat-korut","8":"product_cat-uncategorized","9":"product_cat-uutuudet","10":"product_shipping_class-paketti","12":"first","13":"instock","14":"shipping-taxable","15":"purchasable","16":"product-type-simple"},"_links":{"self":[{"href":"https:\/\/www.ponipuoti.fi\/index.php?rest_route=\/wp\/v2\/product\/166","targetHints":{"allow":["GET"]}}],"collection":[{"href":"https:\/\/www.ponipuoti.fi\/index.php?rest_route=\/wp\/v2\/product"}],"about":[{"href":"https:\/\/www.ponipuoti.fi\/index.php?rest_route=\/wp\/v2\/types\/product"}],"replies":[{"embeddable":true,"href":"https:\/\/www.ponipuoti.fi\/index.php?rest_route=%2Fwp%2Fv2%2Fcomments&post=166"}],"wp:featuredmedia":[{"embeddable":true,"href":"https:\/\/www.ponipuoti.fi\/index.php?rest_route=\/wp\/v2\/media\/3829"}],"wp:attachment":[{"href":"https:\/\/www.ponipuoti.fi\/index.php?rest_route=%2Fwp%2Fv2%2Fmedia&parent=166"}],"wp:term":[{"taxonomy":"product_brand","embeddable":true,"href":"https:\/\/www.ponipuoti.fi\/index.php?rest_route=%2Fwp%2Fv2%2Fproduct_brand&post=166"},{"taxonomy":"product_cat","embeddable":true,"href":"https:\/\/www.ponipuoti.fi\/index.php?rest_route=%2Fwp%2Fv2%2Fproduct_cat&post=166"},{"taxonomy":"product_tag","embeddable":true,"href":"https:\/\/www.ponipuoti.fi\/index.php?rest_route=%2Fwp%2Fv2%2Fproduct_tag&post=166"}],"curies":[{"name":"wp","href":"https:\/\/api.w.org\/{rel}","templated":true}]}}