{"id":158,"date":"2025-06-06T10:02:27","date_gmt":"2025-06-06T07:02:27","guid":{"rendered":"http:\/\/whm04.louhi.net\/~tuumatuire\/tuote\/pieni-mustang-riipus\/"},"modified":"2026-02-02T15:01:07","modified_gmt":"2026-02-02T13:01:07","slug":"pieni-mustang-riipus","status":"publish","type":"product","link":"https:\/\/www.ponipuoti.fi\/?product=pieni-mustang-riipus","title":{"rendered":"Pieni Mustang -riipus"},"content":{"rendered":"<p align=\"LEFT\">N\u00e4ytt\u00e4v\u00e4 koru miehelle tai naiselle. Tyylikk\u00e4\u00e4ll\u00e4 keinolla n\u00e4yt\u00e4t heti mit\u00e4 olet miehi\u00e4si tai naisiasi!<\/p>\n<p align=\"LEFT\">Hepan koko n. 25mm x 15mm (max. mitat leveys x korkeus turpa-h\u00e4nn\u00e4np\u00e4\u00e4, kavio-harja) + riipuslenkki.<\/p>\n<p align=\"LEFT\">Riipukset toimitetaan ilman ketjua.<\/p>\n<p align=\"LEFT\">Ketjut voi tilata erikseen.<\/p>\n<p align=\"LEFT\">Figuurit ovat umpihopeaa, eiv\u00e4t onttoja.<\/p>\n<p align=\"LEFT\">Hopean ominaisuus on ett\u00e4 tummenee k\u00e4yt\u00f6ss\u00e4. Hopean saa puhdistettua hopean puhdistusaineella ja ensin kannattaa pest\u00e4 astianpesuaineella rasvat korusta ja sen j\u00e4lkeen puhdistusaineella.<\/p>\n<p align=\"LEFT\">Tilauksesta my\u00f6s kultaisena, tiedustele hintaa! Kultatuotteisiin voidaan my\u00f6s k\u00e4ytt\u00e4\u00e4 omaa romukultaasi.<\/p>\n","protected":false},"excerpt":{"rendered":"<p>N\u00e4ytt\u00e4v\u00e4 koru miehelle tai naiselle.<\/p>\n<p>Uudistettu muotoilu.<\/p>\n<p>Toimitetaan ilman ketjua.<\/p>\n","protected":false},"featured_media":3733,"comment_status":"closed","ping_status":"closed","template":"","meta":[],"product_brand":[],"product_cat":[10,9,148,64],"product_tag":[],"class_list":{"0":"post-158","1":"product","2":"type-product","3":"status-publish","4":"has-post-thumbnail","6":"product_cat-korut","7":"product_cat-muut-kerhotuotteet","8":"product_cat-pakettitoimitus","9":"product_cat-uutuudet","10":"product_shipping_class-paketti","12":"first","13":"instock","14":"shipping-taxable","15":"purchasable","16":"product-type-simple"},"_links":{"self":[{"href":"https:\/\/www.ponipuoti.fi\/index.php?rest_route=\/wp\/v2\/product\/158","targetHints":{"allow":["GET"]}}],"collection":[{"href":"https:\/\/www.ponipuoti.fi\/index.php?rest_route=\/wp\/v2\/product"}],"about":[{"href":"https:\/\/www.ponipuoti.fi\/index.php?rest_route=\/wp\/v2\/types\/product"}],"replies":[{"embeddable":true,"href":"https:\/\/www.ponipuoti.fi\/index.php?rest_route=%2Fwp%2Fv2%2Fcomments&post=158"}],"wp:featuredmedia":[{"embeddable":true,"href":"https:\/\/www.ponipuoti.fi\/index.php?rest_route=\/wp\/v2\/media\/3733"}],"wp:attachment":[{"href":"https:\/\/www.ponipuoti.fi\/index.php?rest_route=%2Fwp%2Fv2%2Fmedia&parent=158"}],"wp:term":[{"taxonomy":"product_brand","embeddable":true,"href":"https:\/\/www.ponipuoti.fi\/index.php?rest_route=%2Fwp%2Fv2%2Fproduct_brand&post=158"},{"taxonomy":"product_cat","embeddable":true,"href":"https:\/\/www.ponipuoti.fi\/index.php?rest_route=%2Fwp%2Fv2%2Fproduct_cat&post=158"},{"taxonomy":"product_tag","embeddable":true,"href":"https:\/\/www.ponipuoti.fi\/index.php?rest_route=%2Fwp%2Fv2%2Fproduct_tag&post=158"}],"curies":[{"name":"wp","href":"https:\/\/api.w.org\/{rel}","templated":true}]}}