{"id":1378,"date":"2023-07-20T13:49:19","date_gmt":"2023-07-20T10:49:19","guid":{"rendered":"https:\/\/www.ponipuoti.fi\/?post_type=product&#038;p=1378"},"modified":"2025-12-14T19:59:08","modified_gmt":"2025-12-14T17:59:08","slug":"mustang-aurinkolasit","status":"publish","type":"product","link":"https:\/\/www.ponipuoti.fi\/?product=mustang-aurinkolasit","title":{"rendered":"Mustang -aurinkolasit"},"content":{"rendered":"<p>Kerhon logolla aurinkolasit kes\u00e4n cruisenkeihin. Laseissa UV400-linssit, jotka ovat t\u00e4ydellinen suoja kirkkaalle auringonvalolle. Kevyet ja mukavat k\u00e4ytt\u00e4\u00e4.<\/p>\n<p>V\u00e4ri:Mustat<\/p>\n<p>&nbsp;<\/p>\n","protected":false},"excerpt":{"rendered":"<p>Kerhon logolla aurinkolasit kes\u00e4n cruisenkeihin. Laseissa UV400-linssit, jotka ovat t\u00e4ydellinen suoja kirkkaalle auringonvalolle. Kevyet ja mukavat k\u00e4ytt\u00e4\u00e4. V\u00e4ri:Mustat &nbsp;<\/p>\n","protected":false},"featured_media":3576,"comment_status":"closed","ping_status":"closed","template":"","meta":[],"product_brand":[],"product_cat":[9,148,64],"product_tag":[],"class_list":{"0":"post-1378","1":"product","2":"type-product","3":"status-publish","4":"has-post-thumbnail","6":"product_cat-muut-kerhotuotteet","7":"product_cat-pakettitoimitus","8":"product_cat-uutuudet","9":"product_shipping_class-paketti","11":"first","12":"instock","13":"shipping-taxable","14":"purchasable","15":"product-type-variable"},"_links":{"self":[{"href":"https:\/\/www.ponipuoti.fi\/index.php?rest_route=\/wp\/v2\/product\/1378","targetHints":{"allow":["GET"]}}],"collection":[{"href":"https:\/\/www.ponipuoti.fi\/index.php?rest_route=\/wp\/v2\/product"}],"about":[{"href":"https:\/\/www.ponipuoti.fi\/index.php?rest_route=\/wp\/v2\/types\/product"}],"replies":[{"embeddable":true,"href":"https:\/\/www.ponipuoti.fi\/index.php?rest_route=%2Fwp%2Fv2%2Fcomments&post=1378"}],"wp:featuredmedia":[{"embeddable":true,"href":"https:\/\/www.ponipuoti.fi\/index.php?rest_route=\/wp\/v2\/media\/3576"}],"wp:attachment":[{"href":"https:\/\/www.ponipuoti.fi\/index.php?rest_route=%2Fwp%2Fv2%2Fmedia&parent=1378"}],"wp:term":[{"taxonomy":"product_brand","embeddable":true,"href":"https:\/\/www.ponipuoti.fi\/index.php?rest_route=%2Fwp%2Fv2%2Fproduct_brand&post=1378"},{"taxonomy":"product_cat","embeddable":true,"href":"https:\/\/www.ponipuoti.fi\/index.php?rest_route=%2Fwp%2Fv2%2Fproduct_cat&post=1378"},{"taxonomy":"product_tag","embeddable":true,"href":"https:\/\/www.ponipuoti.fi\/index.php?rest_route=%2Fwp%2Fv2%2Fproduct_tag&post=1378"}],"curies":[{"name":"wp","href":"https:\/\/api.w.org\/{rel}","templated":true}]}}