{"id":1160,"date":"2022-03-02T19:44:22","date_gmt":"2022-03-02T17:44:22","guid":{"rendered":"https:\/\/www.ponipuoti.fi\/?post_type=product&#038;p=1160"},"modified":"2025-12-28T18:25:45","modified_gmt":"2025-12-28T16:25:45","slug":"naistentoppi","status":"publish","type":"product","link":"https:\/\/www.ponipuoti.fi\/?product=naistentoppi","title":{"rendered":"Naistentoppi"},"content":{"rendered":"<p><strong>Uusittu NAISTEN<\/strong> <b>kerhotoppi rintapainatuksella<\/b>.<\/p>\n<p>100 %\u00a0<span title=\"\" data-toggle=\"tooltip\" data-placement=\"right\" data-original-title=\"The fibers harvested from within the seed pods of a cotton plant. These are between 1\/2 and 2 inches long and can be spun into thread that are woven into cotton fabrics.\">puuvillaa<\/span>\u00a0esikutistettu\u00a0<span title=\"\" data-toggle=\"tooltip\" data-placement=\"right\" data-original-title=\"A type of fabric with a flat appearance, knit on a circular, single-knit machine; its principal distinction is that it is not a fabric with a distinct rib.\">jersey<\/span> ,\u00a0 Nauhallinen p\u00e4\u00e4ntie ja k\u00e4dentie.\u00a0Kaksoisommeltu helma.<\/p>\n<p>V\u00e4ri: Musta, valkoisella painatuksella<\/p>\n<p>Koot. S &#8211; XXL<\/p>\n","protected":false},"excerpt":{"rendered":"<p>Uusittu NAISTEN kerhotoppi rintapainatuksella. 100 %\u00a0puuvillaa\u00a0esikutistettu\u00a0jersey ,\u00a0 Nauhallinen p\u00e4\u00e4ntie ja k\u00e4dentie.\u00a0Kaksoisommeltu helma. V\u00e4ri: Musta, valkoisella painatuksella Koot. S &#8211; XXL<\/p>\n","protected":false},"featured_media":1640,"comment_status":"closed","ping_status":"closed","template":"","meta":[],"product_brand":[],"product_cat":[8,148,64],"product_tag":[],"class_list":{"0":"post-1160","1":"product","2":"type-product","3":"status-publish","4":"has-post-thumbnail","6":"product_cat-kerhopaidat","7":"product_cat-pakettitoimitus","8":"product_cat-uutuudet","9":"product_shipping_class-paketti","11":"first","12":"instock","13":"shipping-taxable","14":"purchasable","15":"product-type-variable"},"_links":{"self":[{"href":"https:\/\/www.ponipuoti.fi\/index.php?rest_route=\/wp\/v2\/product\/1160","targetHints":{"allow":["GET"]}}],"collection":[{"href":"https:\/\/www.ponipuoti.fi\/index.php?rest_route=\/wp\/v2\/product"}],"about":[{"href":"https:\/\/www.ponipuoti.fi\/index.php?rest_route=\/wp\/v2\/types\/product"}],"replies":[{"embeddable":true,"href":"https:\/\/www.ponipuoti.fi\/index.php?rest_route=%2Fwp%2Fv2%2Fcomments&post=1160"}],"wp:featuredmedia":[{"embeddable":true,"href":"https:\/\/www.ponipuoti.fi\/index.php?rest_route=\/wp\/v2\/media\/1640"}],"wp:attachment":[{"href":"https:\/\/www.ponipuoti.fi\/index.php?rest_route=%2Fwp%2Fv2%2Fmedia&parent=1160"}],"wp:term":[{"taxonomy":"product_brand","embeddable":true,"href":"https:\/\/www.ponipuoti.fi\/index.php?rest_route=%2Fwp%2Fv2%2Fproduct_brand&post=1160"},{"taxonomy":"product_cat","embeddable":true,"href":"https:\/\/www.ponipuoti.fi\/index.php?rest_route=%2Fwp%2Fv2%2Fproduct_cat&post=1160"},{"taxonomy":"product_tag","embeddable":true,"href":"https:\/\/www.ponipuoti.fi\/index.php?rest_route=%2Fwp%2Fv2%2Fproduct_tag&post=1160"}],"curies":[{"name":"wp","href":"https:\/\/api.w.org\/{rel}","templated":true}]}}