{"id":1007,"date":"2025-06-06T20:34:01","date_gmt":"2025-06-06T17:34:01","guid":{"rendered":"https:\/\/www.ponipuoti.fi\/?post_type=product&#038;p=1007"},"modified":"2025-10-29T00:13:03","modified_gmt":"2025-10-28T22:13:03","slug":"mustang-kylpypyyheliina","status":"publish","type":"product","link":"https:\/\/www.ponipuoti.fi\/?product=mustang-kylpypyyheliina","title":{"rendered":"Mustang-kerhon pyyheliina"},"content":{"rendered":"<p>Kylpypyyhe kokoa 70 x 140 cm.<\/p>\n<p>Materiaali 100% puuvillafroteeta. Punottu ripustinlenkki pidemm\u00e4ll\u00e4 sivulla. Materiaali painoltaan 460 g\/m\u00b2. Keskipaksu pyyhe kuivuu nopeasti kes\u00e4n saunomisreissuissa ja menee puuhakassiin kompaktiin tilaan. Kuivatuspintaa on riitt\u00e4v\u00e4sti my\u00f6s kuontalon ja parran kuivaamiseen.<\/p>\n<p>Suositellaan pesua ennen k\u00e4ytt\u00f6\u00e4.<\/p>\n<p>&nbsp;<\/p>\n","protected":false},"excerpt":{"rendered":"<p>Kylpypyyhe kokoa 70 x 140 cm. Materiaali 100% puuvillafroteeta. Punottu ripustinlenkki pidemm\u00e4ll\u00e4 sivulla. Materiaali painoltaan 460 g\/m\u00b2. Keskipaksu pyyhe kuivuu nopeasti kes\u00e4n saunomisreissuissa ja menee puuhakassiin kompaktiin tilaan. Kuivatuspintaa on riitt\u00e4v\u00e4sti my\u00f6s kuontalon ja parran kuivaamiseen. Suositellaan pesua ennen k\u00e4ytt\u00f6\u00e4. &nbsp;<\/p>\n","protected":false},"featured_media":3739,"comment_status":"closed","ping_status":"closed","template":"","meta":[],"product_brand":[],"product_cat":[9,148,64],"product_tag":[],"class_list":{"0":"post-1007","1":"product","2":"type-product","3":"status-publish","4":"has-post-thumbnail","6":"product_cat-muut-kerhotuotteet","7":"product_cat-pakettitoimitus","8":"product_cat-uutuudet","9":"product_shipping_class-paketti","11":"first","12":"instock","13":"shipping-taxable","14":"purchasable","15":"product-type-variable"},"_links":{"self":[{"href":"https:\/\/www.ponipuoti.fi\/index.php?rest_route=\/wp\/v2\/product\/1007","targetHints":{"allow":["GET"]}}],"collection":[{"href":"https:\/\/www.ponipuoti.fi\/index.php?rest_route=\/wp\/v2\/product"}],"about":[{"href":"https:\/\/www.ponipuoti.fi\/index.php?rest_route=\/wp\/v2\/types\/product"}],"replies":[{"embeddable":true,"href":"https:\/\/www.ponipuoti.fi\/index.php?rest_route=%2Fwp%2Fv2%2Fcomments&post=1007"}],"wp:featuredmedia":[{"embeddable":true,"href":"https:\/\/www.ponipuoti.fi\/index.php?rest_route=\/wp\/v2\/media\/3739"}],"wp:attachment":[{"href":"https:\/\/www.ponipuoti.fi\/index.php?rest_route=%2Fwp%2Fv2%2Fmedia&parent=1007"}],"wp:term":[{"taxonomy":"product_brand","embeddable":true,"href":"https:\/\/www.ponipuoti.fi\/index.php?rest_route=%2Fwp%2Fv2%2Fproduct_brand&post=1007"},{"taxonomy":"product_cat","embeddable":true,"href":"https:\/\/www.ponipuoti.fi\/index.php?rest_route=%2Fwp%2Fv2%2Fproduct_cat&post=1007"},{"taxonomy":"product_tag","embeddable":true,"href":"https:\/\/www.ponipuoti.fi\/index.php?rest_route=%2Fwp%2Fv2%2Fproduct_tag&post=1007"}],"curies":[{"name":"wp","href":"https:\/\/api.w.org\/{rel}","templated":true}]}}