{"id":27,"date":"2019-03-11T19:43:52","date_gmt":"2019-03-11T17:43:52","guid":{"rendered":"http:\/\/whm04.louhi.net\/~tuumatuire\/?page_id=27"},"modified":"2025-04-02T20:48:05","modified_gmt":"2025-04-02T17:48:05","slug":"tietoja-ponipuoti","status":"publish","type":"page","link":"https:\/\/www.ponipuoti.fi\/?page_id=27","title":{"rendered":"Tietoja Ponipuoti"},"content":{"rendered":"<p>Ponipuoti on Ford Mustang Owners&#8217; Club of Finland Ry:n virallinen kerhotuotteiden verkkokauppa.<\/p>\n<p>Nimitys on vakiintunut kerhon k\u00e4yt\u00f6ss\u00e4 jo 1990 luvulla ja tuotteita on ollut tarjolla\u00a0kerhon tapahtumissa, n\u00e4yttelyiss\u00e4 ja postimyynniss\u00e4. Nyt niit\u00e4 on saatavilla my\u00f6s t\u00e4st\u00e4\u00a0verkkokaupasta.<\/p>\n<p>Jos haluat vierailla kerhoin virallisella kotisivulla tutustumassa kerhon toimintaan, se\u00a0l\u00f6ytyy osoitteesta www.mustangclub.fi<br \/>\nTervetuloa hankkimaan tuotteita ja my\u00f6s mukaan kerhotoimintaan.<\/p>\n<p>Yhteystiedot ovat samat kuin kerhon viralliset yhteystiedot:<\/p>\n<p style=\"margin: 0cm;margin-bottom: .0001pt\"><span style=\"font-family: 'Arial',sans-serif;color: #2b2b2b\">FMOC ry \/ Ponipuoti<\/span><\/p>\n<p style=\"margin: 0cm;margin-bottom: .0001pt;text-align: start\"><span style=\"font-family: 'Arial',sans-serif;color: #2b2b2b\">Saukontie 18<\/span><\/p>\n<p style=\"margin: 0cm;margin-bottom: .0001pt;text-align: start\"><span style=\"font-family: 'Arial',sans-serif;color: #2b2b2b\">28240 PORI<\/span><\/p>\n<p>Y-tunnus 1705965-8<br \/>\np. 0400-499703<br \/>\nhallitus@mustangclub.fi<\/p>\n<p style=\"margin: 0cm;margin-bottom: .0001pt;text-align: start\">Voit sopia noudosta erikseen kerhovarastolta, ottamalla yhteytt\u00e4 s\u00e4hk\u00f6postilla.<\/p>\n<p>Yhteydenotot kaupan yhteydenottolomakkeella tai s\u00e4hk\u00f6postilla. S\u00e4hk\u00f6postimme on ponipuoti@mustangclub.fi<\/p>\n","protected":false},"excerpt":{"rendered":"<p>Ponipuoti on Ford Mustang Owners&#8217; Club of Finland Ry:n virallinen kerhotuotteiden verkkokauppa. Nimitys on vakiintunut kerhon k\u00e4yt\u00f6ss\u00e4 jo 1990 luvulla ja tuotteita on ollut tarjolla\u00a0kerhon tapahtumissa, n\u00e4yttelyiss\u00e4 ja postimyynniss\u00e4. Nyt niit\u00e4 on saatavilla my\u00f6s t\u00e4st\u00e4\u00a0verkkokaupasta. Jos haluat vierailla kerhoin virallisella kotisivulla tutustumassa kerhon toimintaan, se\u00a0l\u00f6ytyy osoitteesta www.mustangclub.fi Tervetuloa hankkimaan tuotteita ja my\u00f6s mukaan kerhotoimintaan. Yhteystiedot &#8230; <a href=\"https:\/\/www.ponipuoti.fi\/?page_id=27\" class=\"more-link\">Read More<span class=\"screen-reader-text\"> &#8221;Tietoja Ponipuoti&#8221;<\/span> &raquo;<\/a><\/p>\n","protected":false},"author":1,"featured_media":0,"parent":0,"menu_order":0,"comment_status":"closed","ping_status":"closed","template":"","meta":{"footnotes":""},"class_list":["post-27","page","type-page","status-publish","hentry"],"_links":{"self":[{"href":"https:\/\/www.ponipuoti.fi\/index.php?rest_route=\/wp\/v2\/pages\/27","targetHints":{"allow":["GET"]}}],"collection":[{"href":"https:\/\/www.ponipuoti.fi\/index.php?rest_route=\/wp\/v2\/pages"}],"about":[{"href":"https:\/\/www.ponipuoti.fi\/index.php?rest_route=\/wp\/v2\/types\/page"}],"author":[{"embeddable":true,"href":"https:\/\/www.ponipuoti.fi\/index.php?rest_route=\/wp\/v2\/users\/1"}],"replies":[{"embeddable":true,"href":"https:\/\/www.ponipuoti.fi\/index.php?rest_route=%2Fwp%2Fv2%2Fcomments&post=27"}],"version-history":[{"count":15,"href":"https:\/\/www.ponipuoti.fi\/index.php?rest_route=\/wp\/v2\/pages\/27\/revisions"}],"predecessor-version":[{"id":3685,"href":"https:\/\/www.ponipuoti.fi\/index.php?rest_route=\/wp\/v2\/pages\/27\/revisions\/3685"}],"wp:attachment":[{"href":"https:\/\/www.ponipuoti.fi\/index.php?rest_route=%2Fwp%2Fv2%2Fmedia&parent=27"}],"curies":[{"name":"wp","href":"https:\/\/api.w.org\/{rel}","templated":true}]}}